{"id":832,"date":"2022-07-13T13:55:36","date_gmt":"2022-07-13T11:55:36","guid":{"rendered":"http:\/\/kleintierpraxis-kitzscher.de\/?page_id=832"},"modified":"2025-01-27T12:47:22","modified_gmt":"2025-01-27T11:47:22","slug":"milo-gibt-rat","status":"publish","type":"page","link":"https:\/\/kleintierpraxis-kitzscher.de\/index.php\/milo-gibt-rat\/","title":{"rendered":"Milo gibt Rat"},"content":{"rendered":"<p>[et_pb_section fb_built=&#8220;1&#8243; next_background_color=&#8220;#ffffff&#8220; admin_label=&#8220;Header&#8220; _builder_version=&#8220;4.17.6&#8243; use_background_color_gradient=&#8220;on&#8220; background_color_gradient_direction=&#8220;90deg&#8220; background_color_gradient_stops=&#8220;#e5e5e5 30%|rgba(255,255,255,0) 68%&#8220; background_color_gradient_overlays_image=&#8220;on&#8220; background_color_gradient_start=&#8220;#c9b8ad&#8220; background_color_gradient_start_position=&#8220;30%&#8220; background_color_gradient_end=&#8220;rgba(180,166,155,0)&#8220; background_color_gradient_end_position=&#8220;70%&#8220; background_image=&#8220;https:\/\/kleintierpraxis-kitzscher.de\/wp-content\/uploads\/2022\/07\/Milo-gibt-rat.jpg&#8220; background_size=&#8220;contain&#8220; background_position=&#8220;bottom_right&#8220; z_index=&#8220;10&#8243; custom_padding=&#8220;7vw||7vw||true|false&#8220; bottom_divider_style=&#8220;curve&#8220; bottom_divider_height=&#8220;5vw&#8220; background_last_edited=&#8220;off|tablet&#8220; use_background_color_gradient_tablet=&#8220;on&#8220; use_background_color_gradient_phone=&#8220;on&#8220; background_color_gradient_direction_tablet=&#8220;180deg&#8220; background_color_gradient_stops_tablet=&#8220;#c9b8ad 30%|rgba(255,112,0,0) 100%&#8220; background_color_gradient_stops_phone=&#8220;#c9b8ad 36%|rgba(255,112,0,0) 100%&#8220; background_color_gradient_start_position_phone=&#8220;36%&#8220; background_color_gradient_end_tablet=&#8220;rgba(255,112,0,0)&#8220; background_color_gradient_end_phone=&#8220;rgba(255,112,0,0)&#8220; background_color_gradient_end_position_tablet=&#8220;100%&#8220; background_color_gradient_end_position_phone=&#8220;100%&#8220; background_image_tablet=&#8220;http:\/\/zaib.sandbox.etdevs.com\/divi\/wp-content\/uploads\/sites\/2\/2019\/05\/vet-03.png&#8220; background_size_tablet=&#8220;cover&#8220; background_position_tablet=&#8220;center_right&#8220; border_style_all_tablet=&#8220;&#8220; border_style_all_phone=&#8220;&#8220; border_style_all_last_edited=&#8220;on|tablet&#8220; global_colors_info=&#8220;{}&#8220;][et_pb_row custom_padding_last_edited=&#8220;on|tablet&#8220; _builder_version=&#8220;4.18.0&#8243; z_index=&#8220;10&#8243; custom_margin=&#8220;||30px&#8220; custom_margin_tablet=&#8220;||30px&#8220; custom_margin_phone=&#8220;||30px&#8220; custom_margin_last_edited=&#8220;on|tablet&#8220; custom_padding=&#8220;|20vw|||false|false&#8220; custom_padding_tablet=&#8220;|30vw|||false|false&#8220; custom_padding_phone=&#8220;|30vw|||false|false&#8220; global_colors_info=&#8220;{}&#8220;][et_pb_column type=&#8220;4_4&#8243; _builder_version=&#8220;4.16&#8243; custom_padding=&#8220;|||&#8220; custom_padding_tablet=&#8220;0px|||&#8220; custom_padding_last_edited=&#8220;off|tablet&#8220; global_colors_info=&#8220;{}&#8220; custom_padding__hover=&#8220;|||&#8220;][et_pb_text _builder_version=&#8220;4.18.0&#8243; text_font=&#8220;||||||||&#8220; header_font=&#8220;|800||on|||||&#8220; header_text_color=&#8220;#1C5D5E&#8220; header_font_size=&#8220;60px&#8220; header_letter_spacing=&#8220;1px&#8220; header_line_height=&#8220;1.5em&#8220; header_3_font=&#8220;|800||on|||||&#8220; header_3_text_color=&#8220;#545454&#8243; header_3_font_size=&#8220;30px&#8220; header_3_letter_spacing=&#8220;2px&#8220; header_3_line_height=&#8220;1.5em&#8220; header_font_size_tablet=&#8220;40px&#8220; header_font_size_phone=&#8220;25px&#8220; header_font_size_last_edited=&#8220;on|phone&#8220; header_letter_spacing_tablet=&#8220;1px&#8220; header_letter_spacing_phone=&#8220;1px&#8220; header_letter_spacing_last_edited=&#8220;on|desktop&#8220; header_line_height_tablet=&#8220;1.5em&#8220; header_line_height_phone=&#8220;1.5em&#8220; header_line_height_last_edited=&#8220;on|desktop&#8220; locked=&#8220;off&#8220; global_colors_info=&#8220;{}&#8220;]<\/p>\n<h1>Milo gibt Rat<\/h1>\n<p>[\/et_pb_text][et_pb_text _builder_version=&#8220;4.18.0&#8243; text_font=&#8220;||||||||&#8220; text_text_color=&#8220;#666666&#8243; text_line_height=&#8220;1.4em&#8220; header_font=&#8220;|700|||||||&#8220; header_font_size=&#8220;116px&#8220; header_line_height=&#8220;1.2em&#8220; header_2_font=&#8220;||||||||&#8220; header_2_text_color=&#8220;#666666&#8243; header_2_line_height=&#8220;1.5em&#8220; background_layout=&#8220;dark&#8220; text_font_size_tablet=&#8220;15px&#8220; text_font_size_phone=&#8220;14px&#8220; text_font_size_last_edited=&#8220;on|phone&#8220; header_font_size_tablet=&#8220;76px&#8220; header_font_size_phone=&#8220;32px&#8220; header_font_size_last_edited=&#8220;on|desktop&#8220; header_2_font_size_tablet=&#8220;24px&#8220; header_2_font_size_phone=&#8220;22px&#8220; header_2_font_size_last_edited=&#8220;on|phone&#8220; header_2_letter_spacing_tablet=&#8220;&#8220; header_2_letter_spacing_phone=&#8220;&#8220; header_2_letter_spacing_last_edited=&#8220;on|tablet&#8220; header_2_line_height_tablet=&#8220;1.5em&#8220; header_2_line_height_phone=&#8220;1.5em&#8220; header_2_line_height_last_edited=&#8220;on|desktop&#8220; text_text_shadow_style=&#8220;preset3&#8243; text_text_shadow_blur_strength=&#8220;2em&#8220; global_colors_info=&#8220;{}&#8220;]<\/p>\n<h2>Hallo mein Name ist Milo,<\/h2>\n<p style=\"text-align: justify;\">&#8230;und ich gebe Ihnen und Euch (meinen tierischen Freunden) in Zukunft hier an dieser Stelle ein paar Tipps, Tricks und hilfreiche Ratschl\u00e4ge.<\/p>\n<p>[\/et_pb_text][\/et_pb_column][\/et_pb_row][\/et_pb_section][et_pb_section fb_built=&#8220;1&#8243; _builder_version=&#8220;4.18.0&#8243; _module_preset=&#8220;default&#8220; custom_margin=&#8220;5vw||||false|false&#8220; custom_margin_tablet=&#8220;6vw||||false|false&#8220; custom_margin_phone=&#8220;7vw||||false|false&#8220; custom_margin_last_edited=&#8220;on|phone&#8220; custom_padding=&#8220;0px||0px||false|false&#8220; global_colors_info=&#8220;{}&#8220;][et_pb_row _builder_version=&#8220;4.18.0&#8243; _module_preset=&#8220;default&#8220; global_colors_info=&#8220;{}&#8220;][et_pb_column type=&#8220;4_4&#8243; _builder_version=&#8220;4.17.6&#8243; _module_preset=&#8220;default&#8220; global_colors_info=&#8220;{}&#8220;][et_pb_text _builder_version=&#8220;4.18.0&#8243; _module_preset=&#8220;default&#8220; text_line_height=&#8220;1.5em&#8220; text_font_size_tablet=&#8220;15px&#8220; text_font_size_phone=&#8220;14px&#8220; text_font_size_last_edited=&#8220;on|phone&#8220; text_letter_spacing_tablet=&#8220;&#8220; text_letter_spacing_phone=&#8220;&#8220; text_letter_spacing_last_edited=&#8220;on|desktop&#8220; text_line_height_tablet=&#8220;1.5em&#8220; text_line_height_phone=&#8220;1.4em&#8220; text_line_height_last_edited=&#8220;on|desktop&#8220; global_colors_info=&#8220;{}&#8220;]<\/p>\n<p style=\"text-align: justify;\">Ich bin ein Mischling und lebe bei Miriam Hajek und ihrer Familie auf einem Bauernhof. Miriam sagt, ich bin ihr Seelenhund, bester Freund und Therapeut all ihrer Sorgen.<\/p>\n<p style=\"text-align: justify;\">Ich wurde damals gerettet, als ich halb verhungert und tief traurig auf der Stra\u00dfe gelebt habe, weil ich von meinem ehemaligen Herrchen ganz schlecht behandelt wurde.<\/p>\n<p style=\"text-align: justify;\">Eine Tierschutzorganisation vermittelte mich zu meiner neuen Familie. Nun genie\u00dfe ich mein Hundeleben in vollen Z\u00fcgen und liebe meine Menschenfamilie, unsere Pferde, Kaninchen, Meerschweinchen, Katze und H\u00fchner und was sonst noch so ab und und zu Unterschlupf bei uns sucht. Ich wei\u00df jede Menge und habe viel zu erz\u00e4hlen.<\/p>\n<p style=\"text-align: justify;\">Und jetzt gehts los!<\/p>\n<p>[\/et_pb_text][\/et_pb_column][\/et_pb_row][\/et_pb_section][et_pb_section fb_built=&#8220;1&#8243; disabled_on=&#8220;off|off|off&#8220; admin_label=&#8220;Blog Section&#8220; _builder_version=&#8220;4.18.0&#8243; background_color=&#8220;rgba(255,255,255,0)&#8220; background_position=&#8220;top_center&#8220; custom_margin=&#8220;0px||0px||true|false&#8220; custom_padding=&#8220;3vw||3vw||true|false&#8220; locked=&#8220;off&#8220; global_colors_info=&#8220;{}&#8220;][et_pb_row _builder_version=&#8220;4.18.0&#8243; background_size=&#8220;initial&#8220; background_position=&#8220;top_left&#8220; background_repeat=&#8220;repeat&#8220; custom_margin=&#8220;0px||||false|false&#8220; custom_padding=&#8220;0px||0px||false|false&#8220; global_colors_info=&#8220;{}&#8220;][et_pb_column type=&#8220;4_4&#8243; _builder_version=&#8220;4.16&#8243; custom_padding=&#8220;|||&#8220; global_colors_info=&#8220;{}&#8220; custom_padding__hover=&#8220;|||&#8220;][et_pb_text _builder_version=&#8220;4.18.0&#8243; text_font=&#8220;||||||||&#8220; header_font=&#8220;||||||||&#8220; header_2_font=&#8220;|700||on|||||&#8220; header_2_text_align=&#8220;center&#8220; header_2_text_color=&#8220;#1A968C&#8220; header_2_line_height=&#8220;1.5em&#8220; background_size=&#8220;initial&#8220; background_position=&#8220;top_left&#8220; background_repeat=&#8220;repeat&#8220; text_orientation=&#8220;center&#8220; module_alignment=&#8220;center&#8220; custom_margin=&#8220;||10px|&#8220; header_2_font_size_tablet=&#8220;24px&#8220; header_2_font_size_phone=&#8220;22px&#8220; header_2_font_size_last_edited=&#8220;on|phone&#8220; header_2_letter_spacing_tablet=&#8220;0px&#8220; header_2_letter_spacing_phone=&#8220;0px&#8220; header_2_letter_spacing_last_edited=&#8220;on|desktop&#8220; header_2_line_height_tablet=&#8220;1.5em&#8220; header_2_line_height_phone=&#8220;1.5em&#8220; header_2_line_height_last_edited=&#8220;on|desktop&#8220; locked=&#8220;off&#8220; global_colors_info=&#8220;{}&#8220;]<\/p>\n<h2>Milos Blog<\/h2>\n<p>[\/et_pb_text][et_pb_divider color=&#8220;#00A8AB&#8220; divider_weight=&#8220;3px&#8220; disabled_on=&#8220;on|on|off&#8220; _builder_version=&#8220;4.17.5&#8243; max_width=&#8220;80px&#8220; module_alignment=&#8220;center&#8220; height=&#8220;10px&#8220; custom_margin=&#8220;||20px|&#8220; animation_style=&#8220;slide&#8220; animation_direction=&#8220;bottom&#8220; saved_tabs=&#8220;all&#8220; locked=&#8220;off&#8220; global_colors_info=&#8220;{}&#8220;][\/et_pb_divider][\/et_pb_column][\/et_pb_row][et_pb_row _builder_version=&#8220;4.18.0&#8243; background_color=&#8220;rgba(255,255,255,0)&#8220; background_size=&#8220;initial&#8220; background_position=&#8220;top_left&#8220; background_repeat=&#8220;repeat&#8220; custom_margin=&#8220;0px||||false|false&#8220; custom_padding=&#8220;0px||0px||false|false&#8220; global_colors_info=&#8220;{}&#8220;][et_pb_column type=&#8220;4_4&#8243; _builder_version=&#8220;4.16&#8243; custom_padding=&#8220;|||&#8220; global_colors_info=&#8220;{}&#8220; custom_padding__hover=&#8220;|||&#8220;][et_pb_blog posts_number=&#8220;9&#8243; include_categories=&#8220;30,29&#8243; show_more=&#8220;on&#8220; show_author=&#8220;off&#8220; show_date=&#8220;off&#8220; _builder_version=&#8220;4.27.4&#8243; header_font=&#8220;|700|||||||&#8220; header_text_color=&#8220;#1A968C&#8220; header_font_size=&#8220;26px&#8220; header_line_height=&#8220;1.5em&#8220; body_font=&#8220;||||||||&#8220; body_text_color=&#8220;#666666&#8243; body_line_height=&#8220;1.5em&#8220; meta_font=&#8220;|600||on|||||&#8220; meta_text_color=&#8220;#ababab&#8220; meta_font_size=&#8220;12px&#8220; meta_letter_spacing=&#8220;1px&#8220; meta_line_height=&#8220;1.5em&#8220; read_more_text_color=&#8220;#1A968C&#8220; read_more_font_size=&#8220;13px&#8220; read_more_line_height=&#8220;1.5em&#8220; pagination_font=&#8220;||||||||&#8220; background_color=&#8220;rgba(255,255,255,0)&#8220; animation_style=&#8220;fade&#8220; hover_enabled=&#8220;0&#8243; header_font_size_tablet=&#8220;24px&#8220; header_font_size_phone=&#8220;22px&#8220; header_font_size_last_edited=&#8220;on|desktop&#8220; header_letter_spacing_tablet=&#8220;&#8220; header_letter_spacing_phone=&#8220;&#8220; header_letter_spacing_last_edited=&#8220;on|tablet&#8220; header_line_height_tablet=&#8220;1.5em&#8220; header_line_height_phone=&#8220;1.5em&#8220; header_line_height_last_edited=&#8220;on|desktop&#8220; body_font_size_tablet=&#8220;15px&#8220; body_font_size_phone=&#8220;14px&#8220; body_font_size_last_edited=&#8220;on|phone&#8220; body_letter_spacing_tablet=&#8220;&#8220; body_letter_spacing_phone=&#8220;&#8220; body_letter_spacing_last_edited=&#8220;on|desktop&#8220; body_line_height_tablet=&#8220;1.5em&#8220; body_line_height_phone=&#8220;1.4em&#8220; body_line_height_last_edited=&#8220;on|desktop&#8220; read_more_font_size_tablet=&#8220;13px&#8220; read_more_font_size_phone=&#8220;13px&#8220; read_more_font_size_last_edited=&#8220;on|desktop&#8220; read_more_letter_spacing_tablet=&#8220;&#8220; read_more_letter_spacing_phone=&#8220;&#8220; read_more_letter_spacing_last_edited=&#8220;on|desktop&#8220; read_more_line_height_tablet=&#8220;1.5em&#8220; read_more_line_height_phone=&#8220;1.5em&#8220; read_more_line_height_last_edited=&#8220;on|desktop&#8220; border_width_all=&#8220;0px&#8220; border_color_all=&#8220;#d8d8d8&#8243; border_style_all=&#8220;solid&#8220; border_width_all_fullwidth=&#8220;0px&#8220; border_color_all_fullwidth=&#8220;#d8d8d8&#8243; border_style_all_fullwidth=&#8220;solid&#8220; use_border_color=&#8220;on&#8220; border_width=&#8220;0px&#8220; global_colors_info=&#8220;{}&#8220; sticky_enabled=&#8220;0&#8243;][\/et_pb_blog][\/et_pb_column][\/et_pb_row][\/et_pb_section]<\/p>\n","protected":false},"excerpt":{"rendered":"<p>Milo gibt RatHallo mein Name ist Milo, &#8230;und ich gebe Ihnen und Euch (meinen tierischen Freunden) in Zukunft hier an dieser Stelle ein paar Tipps, Tricks und hilfreiche Ratschl\u00e4ge.Ich bin ein Mischling und lebe bei Miriam Hajek und ihrer Familie auf einem Bauernhof. Miriam sagt, ich bin ihr Seelenhund, bester Freund und Therapeut all ihrer [&hellip;]<\/p>\n","protected":false},"author":5,"featured_media":0,"parent":0,"menu_order":0,"comment_status":"closed","ping_status":"closed","template":"","meta":{"_et_pb_use_builder":"on","_et_pb_old_content":"","_et_gb_content_width":"","footnotes":""},"class_list":["post-832","page","type-page","status-publish","hentry"],"yoast_head":"<!-- This site is optimized with the Yoast SEO plugin v27.5 - https:\/\/yoast.com\/product\/yoast-seo-wordpress\/ -->\n<title>Milo gibt Rat - Kleintierpraxis Kitzscher<\/title>\n<meta name=\"description\" content=\"Hier erz\u00e4hlt Milo, unsere gute Seele, Geschichten aus seinem Leben und versorgt Euch mit schlauen Tipps rund ums Tierleben.\" \/>\n<meta name=\"robots\" content=\"index, follow, max-snippet:-1, max-image-preview:large, max-video-preview:-1\" \/>\n<link rel=\"canonical\" href=\"https:\/\/kleintierpraxis-kitzscher.de\/index.php\/milo-gibt-rat\/\" \/>\n<meta property=\"og:locale\" content=\"de_DE\" \/>\n<meta property=\"og:type\" content=\"article\" \/>\n<meta property=\"og:title\" content=\"Milo gibt Rat - Kleintierpraxis Kitzscher\" \/>\n<meta property=\"og:description\" content=\"Hier erz\u00e4hlt Milo, unsere gute Seele, Geschichten aus seinem Leben und versorgt Euch mit schlauen Tipps rund ums Tierleben.\" \/>\n<meta property=\"og:url\" content=\"https:\/\/kleintierpraxis-kitzscher.de\/index.php\/milo-gibt-rat\/\" \/>\n<meta property=\"og:site_name\" content=\"Kleintierpraxis Kitzscher\" \/>\n<meta property=\"article:modified_time\" content=\"2025-01-27T11:47:22+00:00\" \/>\n<meta name=\"twitter:card\" content=\"summary_large_image\" \/>\n<meta name=\"twitter:label1\" content=\"Gesch\u00e4tzte Lesezeit\" \/>\n\t<meta name=\"twitter:data1\" content=\"3\u00a0Minuten\" \/>\n<script type=\"application\/ld+json\" class=\"yoast-schema-graph\">{\"@context\":\"https:\\\/\\\/schema.org\",\"@graph\":[{\"@type\":\"WebPage\",\"@id\":\"https:\\\/\\\/kleintierpraxis-kitzscher.de\\\/index.php\\\/milo-gibt-rat\\\/\",\"url\":\"https:\\\/\\\/kleintierpraxis-kitzscher.de\\\/index.php\\\/milo-gibt-rat\\\/\",\"name\":\"Milo gibt Rat - Kleintierpraxis Kitzscher\",\"isPartOf\":{\"@id\":\"https:\\\/\\\/kleintierpraxis-kitzscher.de\\\/#website\"},\"datePublished\":\"2022-07-13T11:55:36+00:00\",\"dateModified\":\"2025-01-27T11:47:22+00:00\",\"description\":\"Hier erz\u00e4hlt Milo, unsere gute Seele, Geschichten aus seinem Leben und versorgt Euch mit schlauen Tipps rund ums Tierleben.\",\"breadcrumb\":{\"@id\":\"https:\\\/\\\/kleintierpraxis-kitzscher.de\\\/index.php\\\/milo-gibt-rat\\\/#breadcrumb\"},\"inLanguage\":\"de\",\"potentialAction\":[{\"@type\":\"ReadAction\",\"target\":[\"https:\\\/\\\/kleintierpraxis-kitzscher.de\\\/index.php\\\/milo-gibt-rat\\\/\"]}]},{\"@type\":\"BreadcrumbList\",\"@id\":\"https:\\\/\\\/kleintierpraxis-kitzscher.de\\\/index.php\\\/milo-gibt-rat\\\/#breadcrumb\",\"itemListElement\":[{\"@type\":\"ListItem\",\"position\":1,\"name\":\"Startseite\",\"item\":\"https:\\\/\\\/kleintierpraxis-kitzscher.de\\\/\"},{\"@type\":\"ListItem\",\"position\":2,\"name\":\"Milo gibt Rat\"}]},{\"@type\":\"WebSite\",\"@id\":\"https:\\\/\\\/kleintierpraxis-kitzscher.de\\\/#website\",\"url\":\"https:\\\/\\\/kleintierpraxis-kitzscher.de\\\/\",\"name\":\"Kleintierpraxis Kitzscher\",\"description\":\"Die Kleintierpraxis - Haustierpraxis in Kitzscher bei Leipzig\",\"potentialAction\":[{\"@type\":\"SearchAction\",\"target\":{\"@type\":\"EntryPoint\",\"urlTemplate\":\"https:\\\/\\\/kleintierpraxis-kitzscher.de\\\/?s={search_term_string}\"},\"query-input\":{\"@type\":\"PropertyValueSpecification\",\"valueRequired\":true,\"valueName\":\"search_term_string\"}}],\"inLanguage\":\"de\"}]}<\/script>\n<!-- \/ Yoast SEO plugin. -->","yoast_head_json":{"title":"Milo gibt Rat - Kleintierpraxis Kitzscher","description":"Hier erz\u00e4hlt Milo, unsere gute Seele, Geschichten aus seinem Leben und versorgt Euch mit schlauen Tipps rund ums Tierleben.","robots":{"index":"index","follow":"follow","max-snippet":"max-snippet:-1","max-image-preview":"max-image-preview:large","max-video-preview":"max-video-preview:-1"},"canonical":"https:\/\/kleintierpraxis-kitzscher.de\/index.php\/milo-gibt-rat\/","og_locale":"de_DE","og_type":"article","og_title":"Milo gibt Rat - Kleintierpraxis Kitzscher","og_description":"Hier erz\u00e4hlt Milo, unsere gute Seele, Geschichten aus seinem Leben und versorgt Euch mit schlauen Tipps rund ums Tierleben.","og_url":"https:\/\/kleintierpraxis-kitzscher.de\/index.php\/milo-gibt-rat\/","og_site_name":"Kleintierpraxis Kitzscher","article_modified_time":"2025-01-27T11:47:22+00:00","twitter_card":"summary_large_image","twitter_misc":{"Gesch\u00e4tzte Lesezeit":"3\u00a0Minuten"},"schema":{"@context":"https:\/\/schema.org","@graph":[{"@type":"WebPage","@id":"https:\/\/kleintierpraxis-kitzscher.de\/index.php\/milo-gibt-rat\/","url":"https:\/\/kleintierpraxis-kitzscher.de\/index.php\/milo-gibt-rat\/","name":"Milo gibt Rat - Kleintierpraxis Kitzscher","isPartOf":{"@id":"https:\/\/kleintierpraxis-kitzscher.de\/#website"},"datePublished":"2022-07-13T11:55:36+00:00","dateModified":"2025-01-27T11:47:22+00:00","description":"Hier erz\u00e4hlt Milo, unsere gute Seele, Geschichten aus seinem Leben und versorgt Euch mit schlauen Tipps rund ums Tierleben.","breadcrumb":{"@id":"https:\/\/kleintierpraxis-kitzscher.de\/index.php\/milo-gibt-rat\/#breadcrumb"},"inLanguage":"de","potentialAction":[{"@type":"ReadAction","target":["https:\/\/kleintierpraxis-kitzscher.de\/index.php\/milo-gibt-rat\/"]}]},{"@type":"BreadcrumbList","@id":"https:\/\/kleintierpraxis-kitzscher.de\/index.php\/milo-gibt-rat\/#breadcrumb","itemListElement":[{"@type":"ListItem","position":1,"name":"Startseite","item":"https:\/\/kleintierpraxis-kitzscher.de\/"},{"@type":"ListItem","position":2,"name":"Milo gibt Rat"}]},{"@type":"WebSite","@id":"https:\/\/kleintierpraxis-kitzscher.de\/#website","url":"https:\/\/kleintierpraxis-kitzscher.de\/","name":"Kleintierpraxis Kitzscher","description":"Die Kleintierpraxis - Haustierpraxis in Kitzscher bei Leipzig","potentialAction":[{"@type":"SearchAction","target":{"@type":"EntryPoint","urlTemplate":"https:\/\/kleintierpraxis-kitzscher.de\/?s={search_term_string}"},"query-input":{"@type":"PropertyValueSpecification","valueRequired":true,"valueName":"search_term_string"}}],"inLanguage":"de"}]}},"_links":{"self":[{"href":"https:\/\/kleintierpraxis-kitzscher.de\/index.php\/wp-json\/wp\/v2\/pages\/832","targetHints":{"allow":["GET"]}}],"collection":[{"href":"https:\/\/kleintierpraxis-kitzscher.de\/index.php\/wp-json\/wp\/v2\/pages"}],"about":[{"href":"https:\/\/kleintierpraxis-kitzscher.de\/index.php\/wp-json\/wp\/v2\/types\/page"}],"author":[{"embeddable":true,"href":"https:\/\/kleintierpraxis-kitzscher.de\/index.php\/wp-json\/wp\/v2\/users\/5"}],"replies":[{"embeddable":true,"href":"https:\/\/kleintierpraxis-kitzscher.de\/index.php\/wp-json\/wp\/v2\/comments?post=832"}],"version-history":[{"count":41,"href":"https:\/\/kleintierpraxis-kitzscher.de\/index.php\/wp-json\/wp\/v2\/pages\/832\/revisions"}],"predecessor-version":[{"id":1596,"href":"https:\/\/kleintierpraxis-kitzscher.de\/index.php\/wp-json\/wp\/v2\/pages\/832\/revisions\/1596"}],"wp:attachment":[{"href":"https:\/\/kleintierpraxis-kitzscher.de\/index.php\/wp-json\/wp\/v2\/media?parent=832"}],"curies":[{"name":"wp","href":"https:\/\/api.w.org\/{rel}","templated":true}]}}